{"id":1070,"date":"2022-10-14T12:45:33","date_gmt":"2022-10-14T10:45:33","guid":{"rendered":"http:\/\/localhost:8888\/r1\/?page_id=1070"},"modified":"2026-03-05T19:42:10","modified_gmt":"2026-03-05T18:42:10","slug":"products","status":"publish","type":"page","link":"https:\/\/www.roofsec.com\/de\/products\/","title":{"rendered":"Produkte"},"content":{"rendered":"<div class=\"gb-container gb-container-6cea91c2\"><div class=\"gb-inside-container\">\n<div class=\"gb-grid-wrapper gb-grid-wrapper-2afcfede\">\n<div class=\"gb-grid-column gb-grid-column-513b1c5c\"><div class=\"gb-container gb-container-513b1c5c\"><div class=\"gb-inside-container\">\n\n<figure class=\"wp-block-image size-full\"><img loading=\"lazy\" decoding=\"async\" width=\"115\" height=\"115\" src=\"https:\/\/www.roofsec.com\/wp-content\/uploads\/2022\/10\/produkte_img-001.png\" alt=\"\" class=\"wp-image-1251\" srcset=\"https:\/\/www.roofsec.com\/wp-content\/uploads\/2022\/10\/produkte_img-001.png 115w, https:\/\/www.roofsec.com\/wp-content\/uploads\/2022\/10\/produkte_img-001-12x12.png 12w\" sizes=\"auto, (max-width: 115px) 100vw, 115px\" \/><\/figure>\n\n\n\n<h3 class=\"gb-headline gb-headline-7fb39f7e gb-headline-text\">Sensorkabel 100m<\/h3>\n\n\n\n<p class=\"gb-headline gb-headline-73533459 gb-headline-text\">Artikelnummer: SC018_100<\/p>\n\n\n\n<p class=\"gb-headline gb-headline-52ee6088 gb-headline-text\">Das Sensorkabel ist 100 Meter lang und mit 100 Sensoren im Abstand von einem Meter ausgestattet. Jeder dieser Sensoren erkennt N\u00e4sse und ist in der Lage, Sch\u00e4den zu melden. Das Sensorkabel wird direkt auf der Dampfsperre in einem frei w\u00e4hlbaren Muster verlegt und kann bis zu 140 Quadratmeter Dachfl\u00e4che abdecken.<\/p>\n\n<\/div><\/div><\/div>\n\n<div class=\"gb-grid-column gb-grid-column-9c5b4061\"><div class=\"gb-container gb-container-9c5b4061\"><div class=\"gb-inside-container\">\n\n<figure class=\"wp-block-image size-full\"><img loading=\"lazy\" decoding=\"async\" width=\"115\" height=\"115\" src=\"https:\/\/www.roofsec.com\/wp-content\/uploads\/2022\/10\/produkte_img-001.png\" alt=\"\" class=\"wp-image-1251\" srcset=\"https:\/\/www.roofsec.com\/wp-content\/uploads\/2022\/10\/produkte_img-001.png 115w, https:\/\/www.roofsec.com\/wp-content\/uploads\/2022\/10\/produkte_img-001-12x12.png 12w\" sizes=\"auto, (max-width: 115px) 100vw, 115px\" \/><\/figure>\n\n\n\n<h3 class=\"gb-headline gb-headline-9d33f3da gb-headline-text\">Sensorkabel 50m<\/h3>\n\n\n\n<p class=\"gb-headline gb-headline-bfb0cd7c gb-headline-text\">Artikelnummer: SC018_50<\/p>\n\n\n\n<p class=\"gb-headline gb-headline-bad469b1 gb-headline-text\">Das Sensorkabel ist 50 Meter lang und mit 50 Sensoren im Abstand von einem Meter ausgestattet. Jeder dieser Sensoren erkennt N\u00e4sse und ist in der Lage, Sch\u00e4den zu melden. Das Sensorkabel wird direkt auf der Dampfsperre in einem frei w\u00e4hlbaren Muster verlegt und kann bis zu 80 Quadratmeter Dachfl\u00e4che abdecken.<\/p>\n\n<\/div><\/div><\/div>\n\n<div class=\"gb-grid-column gb-grid-column-71876a3e\"><div class=\"gb-container gb-container-71876a3e\"><div class=\"gb-inside-container\">\n\n<figure class=\"wp-block-image size-full\"><img loading=\"lazy\" decoding=\"async\" width=\"115\" height=\"115\" src=\"https:\/\/www.roofsec.com\/wp-content\/uploads\/2022\/10\/produkte_img-002.png\" alt=\"\" class=\"wp-image-1252\" srcset=\"https:\/\/www.roofsec.com\/wp-content\/uploads\/2022\/10\/produkte_img-002.png 115w, https:\/\/www.roofsec.com\/wp-content\/uploads\/2022\/10\/produkte_img-002-12x12.png 12w\" sizes=\"auto, (max-width: 115px) 100vw, 115px\" \/><\/figure>\n\n\n\n<h3 class=\"gb-headline gb-headline-486d6923 gb-headline-text\">Verbindungskabel<\/h3>\n\n\n\n<p class=\"gb-headline gb-headline-139da305 gb-headline-text\">Artikelnummer: CC018_50<\/p>\n\n\n\n<p class=\"gb-headline gb-headline-af02b48c gb-headline-text\">Das Verbindungskabel hat eine L\u00e4nge von 50 Meter und dient der Verbindung von Sensorkabel (SC018_100) und Kommunikationseinheit (CU018). Zu diesem Zweck wird das Kabel \u00fcber eine Steckverbindung an das Sensorkabel angebracht, durch eine Leerverrohrung dampfdicht in das Geb\u00e4ude gef\u00fchrt und an der Kommunikationseinheit angeschlossen.<\/p>\n\n<\/div><\/div><\/div>\n\n<div class=\"gb-grid-column gb-grid-column-75a268db\"><div class=\"gb-container gb-container-75a268db\"><div class=\"gb-inside-container\">\n\n<figure class=\"wp-block-image size-full\"><img loading=\"lazy\" decoding=\"async\" width=\"115\" height=\"115\" src=\"https:\/\/www.roofsec.com\/wp-content\/uploads\/2022\/10\/produkte_img-003.png\" alt=\"\" class=\"wp-image-1253\" srcset=\"https:\/\/www.roofsec.com\/wp-content\/uploads\/2022\/10\/produkte_img-003.png 115w, https:\/\/www.roofsec.com\/wp-content\/uploads\/2022\/10\/produkte_img-003-12x12.png 12w\" sizes=\"auto, (max-width: 115px) 100vw, 115px\" \/><\/figure>\n\n\n\n<h3 class=\"gb-headline gb-headline-097389a3 gb-headline-text\">Kommunikationseinheit<\/h3>\n\n\n\n<p class=\"gb-headline gb-headline-557a79f1 gb-headline-text\">Artikelnummer: CU018<\/p>\n\n\n\n<p class=\"gb-headline gb-headline-31c673b9 gb-headline-text\">Bei der Kommunikationseinheit handelt es sich um ein Steuermodul, das f\u00fcr die regelm\u00e4\u00dfige Abfrage aller Sensoren und die Weiterleitung der Sensordaten an das Cloud-Service zust\u00e4ndig ist. Das Ger\u00e4t bietet Anschlussm\u00f6glichkeiten f\u00fcr bis zu vier Sensorkabel (SC018_100) und kann somit eine Dachfl\u00e4che von bis zu 560 Quadratmeter&nbsp;\u00fcberwachen.<\/p>\n\n<\/div><\/div><\/div>\n\n<div class=\"gb-grid-column gb-grid-column-0065c89d\"><div class=\"gb-container gb-container-0065c89d\"><div class=\"gb-inside-container\">\n\n<figure class=\"wp-block-image size-full\"><img loading=\"lazy\" decoding=\"async\" width=\"115\" height=\"115\" src=\"https:\/\/www.roofsec.com\/wp-content\/uploads\/2022\/10\/cloud.png\" alt=\"\" class=\"wp-image-1254\" srcset=\"https:\/\/www.roofsec.com\/wp-content\/uploads\/2022\/10\/cloud.png 115w, https:\/\/www.roofsec.com\/wp-content\/uploads\/2022\/10\/cloud-12x12.png 12w\" sizes=\"auto, (max-width: 115px) 100vw, 115px\" \/><\/figure>\n\n\n\n<h3 class=\"gb-headline gb-headline-063e3974 gb-headline-text\">Cloud-Service<\/h3>\n\n\n\n<p class=\"gb-headline gb-headline-00c2e58e gb-headline-text\"><\/p>\n\n\n\n<p class=\"gb-headline gb-headline-b06de8ba gb-headline-text\">Das roofSec Cloud-Service ist f\u00fcr die Auswertung der Sensordaten verantwortlich. Sollten die analytischen Algorithmen einen Wassereintritt feststellen, wird der Kunde unverz\u00fcglich via E-Mail informiert. Diesen Dienst stellt die roofSec GmbH&nbsp;<strong>kostenlos<\/strong>&nbsp;zur Verf\u00fcgung.<\/p>\n\n<\/div><\/div><\/div>\n<\/div>\n<\/div><\/div>\n\n<div class=\"gb-container gb-container-af32cd58\"><div class=\"gb-inside-container\">\n\n<h2 class=\"gb-headline gb-headline-f4ab772f gb-headline-text\">Unsere Produkte sind erh\u00e4ltlich bei<\/h2>\n\n\n<div class=\"gb-grid-wrapper gb-grid-wrapper-bd60466b\">\n<div class=\"gb-grid-column gb-grid-column-f642d838\"><div class=\"gb-container gb-container-f642d838\"><div class=\"gb-inside-container\"><\/div><\/div><\/div>\n<\/div>\n\n<div class=\"gb-grid-wrapper gb-grid-wrapper-a6e2ba1d\">\n<div class=\"gb-grid-column gb-grid-column-aac90d59\"><div class=\"gb-container gb-container-aac90d59\"><div class=\"gb-inside-container\">\n<div class=\"wp-block-image\">\n<figure class=\"aligncenter size-full\"><a href=\"https:\/\/shop.austrodach.at\/\" target=\"_blank\" rel=\"noreferrer noopener\"><img loading=\"lazy\" decoding=\"async\" width=\"472\" height=\"146\" src=\"https:\/\/www.roofsec.com\/wp-content\/uploads\/2022\/10\/AustroDach.jpg\" alt=\"\" class=\"wp-image-1258\" srcset=\"https:\/\/www.roofsec.com\/wp-content\/uploads\/2022\/10\/AustroDach.jpg 472w, https:\/\/www.roofsec.com\/wp-content\/uploads\/2022\/10\/AustroDach-300x93.jpg 300w, https:\/\/www.roofsec.com\/wp-content\/uploads\/2022\/10\/AustroDach-18x6.jpg 18w\" sizes=\"auto, (max-width: 472px) 100vw, 472px\" \/><\/a><\/figure>\n<\/div>\n<\/div><\/div><\/div>\n\n<div class=\"gb-grid-column gb-grid-column-fe8f4fc9\"><div class=\"gb-container gb-container-fe8f4fc9\"><div class=\"gb-inside-container\">\n<div class=\"wp-block-image\">\n<figure class=\"aligncenter size-full\"><a href=\"https:\/\/www.flattec.com\/2018\/11\/26\/das-flachdach-der-zukunft-mit-roofsec\/\" target=\"_blank\" rel=\"noreferrer noopener\"><img loading=\"lazy\" decoding=\"async\" width=\"252\" height=\"53\" src=\"https:\/\/www.roofsec.com\/wp-content\/uploads\/2022\/10\/flattec.png\" alt=\"\" class=\"wp-image-1259\" srcset=\"https:\/\/www.roofsec.com\/wp-content\/uploads\/2022\/10\/flattec.png 252w, https:\/\/www.roofsec.com\/wp-content\/uploads\/2022\/10\/flattec-18x4.png 18w\" sizes=\"auto, (max-width: 252px) 100vw, 252px\" \/><\/a><\/figure>\n<\/div>\n<\/div><\/div><\/div>\n<\/div>\n<\/div><\/div>","protected":false},"excerpt":{"rendered":"","protected":false},"author":1,"featured_media":0,"parent":0,"menu_order":0,"comment_status":"closed","ping_status":"closed","template":"","meta":{"_yoast_wpseo_focuskw":"Flachdach Sensorkabel","_yoast_wpseo_title":"roofSec Produkte \u2014 Sensorkabel & Cloud-Monitoring f\u00fcr Flachd\u00e4cher","_yoast_wpseo_metadesc":"Sensorkabel (50m\/100m), Kommunikationseinheit & Cloud-Service. Bis zu 560m\u00b2 Dachfl\u00e4che \u00fcberwachen. Kostenlose Cloud-Auswertung mit KI.","footnotes":""},"class_list":["post-1070","page","type-page","status-publish"],"yoast_head":"<!-- This site is optimized with the Yoast SEO plugin v27.4 - https:\/\/yoast.com\/product\/yoast-seo-wordpress\/ -->\n<title>roofSec Produkte \u2014 Sensorkabel &amp; Cloud-Monitoring f\u00fcr Flachd\u00e4cher<\/title>\n<meta name=\"description\" content=\"Sensorkabel (50m\/100m), Kommunikationseinheit &amp; Cloud-Service. Bis zu 560m\u00b2 Dachfl\u00e4che \u00fcberwachen. Kostenlose Cloud-Auswertung mit KI.\" \/>\n<meta name=\"robots\" content=\"index, follow, max-snippet:-1, max-image-preview:large, max-video-preview:-1\" \/>\n<link rel=\"canonical\" href=\"https:\/\/www.roofsec.com\/de\/products\/\" \/>\n<meta property=\"og:locale\" content=\"de_DE\" \/>\n<meta property=\"og:type\" content=\"article\" \/>\n<meta property=\"og:title\" content=\"roofSec Produkte \u2014 Sensorkabel &amp; Cloud-Monitoring f\u00fcr Flachd\u00e4cher\" \/>\n<meta property=\"og:description\" content=\"Sensorkabel (50m\/100m), Kommunikationseinheit &amp; Cloud-Service. Bis zu 560m\u00b2 Dachfl\u00e4che \u00fcberwachen. Kostenlose Cloud-Auswertung mit KI.\" \/>\n<meta property=\"og:url\" content=\"https:\/\/www.roofsec.com\/de\/products\/\" \/>\n<meta property=\"og:site_name\" content=\"roofSec\" \/>\n<meta property=\"article:publisher\" content=\"https:\/\/www.facebook.com\/Roofsec\" \/>\n<meta property=\"article:modified_time\" content=\"2026-03-05T18:42:10+00:00\" \/>\n<meta property=\"og:image\" content=\"https:\/\/www.roofsec.com\/wp-content\/uploads\/2022\/10\/produkte_img-001.png\" \/>\n\t<meta property=\"og:image:width\" content=\"115\" \/>\n\t<meta property=\"og:image:height\" content=\"115\" \/>\n\t<meta property=\"og:image:type\" content=\"image\/png\" \/>\n<meta name=\"twitter:card\" content=\"summary_large_image\" \/>\n<meta name=\"twitter:label1\" content=\"Gesch\u00e4tzte Lesezeit\" \/>\n\t<meta name=\"twitter:data1\" content=\"1\u00a0Minute\" \/>\n<script type=\"application\/ld+json\" class=\"yoast-schema-graph\">{\"@context\":\"https:\\\/\\\/schema.org\",\"@graph\":[{\"@type\":\"WebPage\",\"@id\":\"https:\\\/\\\/www.roofsec.com\\\/de\\\/products\\\/\",\"url\":\"https:\\\/\\\/www.roofsec.com\\\/de\\\/products\\\/\",\"name\":\"roofSec Produkte \u2014 Sensorkabel & Cloud-Monitoring f\u00fcr Flachd\u00e4cher\",\"isPartOf\":{\"@id\":\"https:\\\/\\\/www.roofsec.com\\\/de\\\/#website\"},\"primaryImageOfPage\":{\"@id\":\"https:\\\/\\\/www.roofsec.com\\\/de\\\/products\\\/#primaryimage\"},\"image\":{\"@id\":\"https:\\\/\\\/www.roofsec.com\\\/de\\\/products\\\/#primaryimage\"},\"thumbnailUrl\":\"https:\\\/\\\/www.roofsec.com\\\/wp-content\\\/uploads\\\/2022\\\/10\\\/produkte_img-001.png\",\"datePublished\":\"2022-10-14T10:45:33+00:00\",\"dateModified\":\"2026-03-05T18:42:10+00:00\",\"description\":\"Sensorkabel (50m\\\/100m), Kommunikationseinheit & Cloud-Service. Bis zu 560m\u00b2 Dachfl\u00e4che \u00fcberwachen. Kostenlose Cloud-Auswertung mit KI.\",\"breadcrumb\":{\"@id\":\"https:\\\/\\\/www.roofsec.com\\\/de\\\/products\\\/#breadcrumb\"},\"inLanguage\":\"de\",\"potentialAction\":[{\"@type\":\"ReadAction\",\"target\":[\"https:\\\/\\\/www.roofsec.com\\\/de\\\/products\\\/\"]}]},{\"@type\":\"ImageObject\",\"inLanguage\":\"de\",\"@id\":\"https:\\\/\\\/www.roofsec.com\\\/de\\\/products\\\/#primaryimage\",\"url\":\"https:\\\/\\\/www.roofsec.com\\\/wp-content\\\/uploads\\\/2022\\\/10\\\/produkte_img-001.png\",\"contentUrl\":\"https:\\\/\\\/www.roofsec.com\\\/wp-content\\\/uploads\\\/2022\\\/10\\\/produkte_img-001.png\"},{\"@type\":\"BreadcrumbList\",\"@id\":\"https:\\\/\\\/www.roofsec.com\\\/de\\\/products\\\/#breadcrumb\",\"itemListElement\":[{\"@type\":\"ListItem\",\"position\":1,\"name\":\"Start\",\"item\":\"https:\\\/\\\/www.roofsec.com\\\/\"},{\"@type\":\"ListItem\",\"position\":2,\"name\":\"Produkte\"}]},{\"@type\":\"WebSite\",\"@id\":\"https:\\\/\\\/www.roofsec.com\\\/de\\\/#website\",\"url\":\"https:\\\/\\\/www.roofsec.com\\\/de\\\/\",\"name\":\"roofSec\",\"description\":\"Das Flachdach der Zukunft\",\"publisher\":{\"@id\":\"https:\\\/\\\/www.roofsec.com\\\/de\\\/#organization\"},\"potentialAction\":[{\"@type\":\"SearchAction\",\"target\":{\"@type\":\"EntryPoint\",\"urlTemplate\":\"https:\\\/\\\/www.roofsec.com\\\/de\\\/?s={search_term_string}\"},\"query-input\":{\"@type\":\"PropertyValueSpecification\",\"valueRequired\":true,\"valueName\":\"search_term_string\"}}],\"inLanguage\":\"de\"},{\"@type\":\"Organization\",\"@id\":\"https:\\\/\\\/www.roofsec.com\\\/de\\\/#organization\",\"name\":\"roofSec GmbH\",\"url\":\"https:\\\/\\\/www.roofsec.com\\\/de\\\/\",\"logo\":{\"@type\":\"ImageObject\",\"inLanguage\":\"de\",\"@id\":\"https:\\\/\\\/www.roofsec.com\\\/de\\\/#\\\/schema\\\/logo\\\/image\\\/\",\"url\":\"https:\\\/\\\/www.roofsec.com\\\/wp-content\\\/uploads\\\/2022\\\/10\\\/cropped-roofSec-logo.png\",\"contentUrl\":\"https:\\\/\\\/www.roofsec.com\\\/wp-content\\\/uploads\\\/2022\\\/10\\\/cropped-roofSec-logo.png\",\"width\":600,\"height\":147,\"caption\":\"roofSec GmbH\"},\"image\":{\"@id\":\"https:\\\/\\\/www.roofsec.com\\\/de\\\/#\\\/schema\\\/logo\\\/image\\\/\"},\"sameAs\":[\"https:\\\/\\\/www.facebook.com\\\/Roofsec\",\"https:\\\/\\\/www.linkedin.com\\\/company\\\/roofsec\\\/\"]}]}<\/script>\n<!-- \/ Yoast SEO plugin. -->","yoast_head_json":{"title":"roofSec Produkte \u2014 Sensorkabel & Cloud-Monitoring f\u00fcr Flachd\u00e4cher","description":"Sensorkabel (50m\/100m), Kommunikationseinheit & Cloud-Service. Bis zu 560m\u00b2 Dachfl\u00e4che \u00fcberwachen. Kostenlose Cloud-Auswertung mit KI.","robots":{"index":"index","follow":"follow","max-snippet":"max-snippet:-1","max-image-preview":"max-image-preview:large","max-video-preview":"max-video-preview:-1"},"canonical":"https:\/\/www.roofsec.com\/de\/products\/","og_locale":"de_DE","og_type":"article","og_title":"roofSec Produkte \u2014 Sensorkabel & Cloud-Monitoring f\u00fcr Flachd\u00e4cher","og_description":"Sensorkabel (50m\/100m), Kommunikationseinheit & Cloud-Service. Bis zu 560m\u00b2 Dachfl\u00e4che \u00fcberwachen. Kostenlose Cloud-Auswertung mit KI.","og_url":"https:\/\/www.roofsec.com\/de\/products\/","og_site_name":"roofSec","article_publisher":"https:\/\/www.facebook.com\/Roofsec","article_modified_time":"2026-03-05T18:42:10+00:00","og_image":[{"width":115,"height":115,"url":"https:\/\/www.roofsec.com\/wp-content\/uploads\/2022\/10\/produkte_img-001.png","type":"image\/png"}],"twitter_card":"summary_large_image","twitter_misc":{"Gesch\u00e4tzte Lesezeit":"1\u00a0Minute"},"schema":{"@context":"https:\/\/schema.org","@graph":[{"@type":"WebPage","@id":"https:\/\/www.roofsec.com\/de\/products\/","url":"https:\/\/www.roofsec.com\/de\/products\/","name":"roofSec Produkte \u2014 Sensorkabel & Cloud-Monitoring f\u00fcr Flachd\u00e4cher","isPartOf":{"@id":"https:\/\/www.roofsec.com\/de\/#website"},"primaryImageOfPage":{"@id":"https:\/\/www.roofsec.com\/de\/products\/#primaryimage"},"image":{"@id":"https:\/\/www.roofsec.com\/de\/products\/#primaryimage"},"thumbnailUrl":"https:\/\/www.roofsec.com\/wp-content\/uploads\/2022\/10\/produkte_img-001.png","datePublished":"2022-10-14T10:45:33+00:00","dateModified":"2026-03-05T18:42:10+00:00","description":"Sensorkabel (50m\/100m), Kommunikationseinheit & Cloud-Service. Bis zu 560m\u00b2 Dachfl\u00e4che \u00fcberwachen. Kostenlose Cloud-Auswertung mit KI.","breadcrumb":{"@id":"https:\/\/www.roofsec.com\/de\/products\/#breadcrumb"},"inLanguage":"de","potentialAction":[{"@type":"ReadAction","target":["https:\/\/www.roofsec.com\/de\/products\/"]}]},{"@type":"ImageObject","inLanguage":"de","@id":"https:\/\/www.roofsec.com\/de\/products\/#primaryimage","url":"https:\/\/www.roofsec.com\/wp-content\/uploads\/2022\/10\/produkte_img-001.png","contentUrl":"https:\/\/www.roofsec.com\/wp-content\/uploads\/2022\/10\/produkte_img-001.png"},{"@type":"BreadcrumbList","@id":"https:\/\/www.roofsec.com\/de\/products\/#breadcrumb","itemListElement":[{"@type":"ListItem","position":1,"name":"Start","item":"https:\/\/www.roofsec.com\/"},{"@type":"ListItem","position":2,"name":"Produkte"}]},{"@type":"WebSite","@id":"https:\/\/www.roofsec.com\/de\/#website","url":"https:\/\/www.roofsec.com\/de\/","name":"roofSec","description":"Das Flachdach der Zukunft","publisher":{"@id":"https:\/\/www.roofsec.com\/de\/#organization"},"potentialAction":[{"@type":"SearchAction","target":{"@type":"EntryPoint","urlTemplate":"https:\/\/www.roofsec.com\/de\/?s={search_term_string}"},"query-input":{"@type":"PropertyValueSpecification","valueRequired":true,"valueName":"search_term_string"}}],"inLanguage":"de"},{"@type":"Organization","@id":"https:\/\/www.roofsec.com\/de\/#organization","name":"roofSec GmbH","url":"https:\/\/www.roofsec.com\/de\/","logo":{"@type":"ImageObject","inLanguage":"de","@id":"https:\/\/www.roofsec.com\/de\/#\/schema\/logo\/image\/","url":"https:\/\/www.roofsec.com\/wp-content\/uploads\/2022\/10\/cropped-roofSec-logo.png","contentUrl":"https:\/\/www.roofsec.com\/wp-content\/uploads\/2022\/10\/cropped-roofSec-logo.png","width":600,"height":147,"caption":"roofSec GmbH"},"image":{"@id":"https:\/\/www.roofsec.com\/de\/#\/schema\/logo\/image\/"},"sameAs":["https:\/\/www.facebook.com\/Roofsec","https:\/\/www.linkedin.com\/company\/roofsec\/"]}]}},"_links":{"self":[{"href":"https:\/\/www.roofsec.com\/de\/wp-json\/wp\/v2\/pages\/1070","targetHints":{"allow":["GET"]}}],"collection":[{"href":"https:\/\/www.roofsec.com\/de\/wp-json\/wp\/v2\/pages"}],"about":[{"href":"https:\/\/www.roofsec.com\/de\/wp-json\/wp\/v2\/types\/page"}],"author":[{"embeddable":true,"href":"https:\/\/www.roofsec.com\/de\/wp-json\/wp\/v2\/users\/1"}],"replies":[{"embeddable":true,"href":"https:\/\/www.roofsec.com\/de\/wp-json\/wp\/v2\/comments?post=1070"}],"version-history":[{"count":29,"href":"https:\/\/www.roofsec.com\/de\/wp-json\/wp\/v2\/pages\/1070\/revisions"}],"predecessor-version":[{"id":1674,"href":"https:\/\/www.roofsec.com\/de\/wp-json\/wp\/v2\/pages\/1070\/revisions\/1674"}],"wp:attachment":[{"href":"https:\/\/www.roofsec.com\/de\/wp-json\/wp\/v2\/media?parent=1070"}],"curies":[{"name":"wp","href":"https:\/\/api.w.org\/{rel}","templated":true}]}}