{"id":1071,"date":"2022-10-14T12:44:24","date_gmt":"2022-10-14T10:44:24","guid":{"rendered":"http:\/\/localhost:8888\/r1\/?page_id=1071"},"modified":"2022-10-26T08:17:32","modified_gmt":"2022-10-26T06:17:32","slug":"imprint","status":"publish","type":"page","link":"https:\/\/www.roofsec.com\/de\/imprint\/","title":{"rendered":"Impressum"},"content":{"rendered":"<div class=\"gb-grid-wrapper gb-grid-wrapper-f40d1097\">\n<div class=\"gb-grid-column gb-grid-column-13a2dc94\"><div class=\"gb-container gb-container-13a2dc94\"><div class=\"gb-inside-container\">\n\n<h2 class=\"gb-headline gb-headline-3e8e02f1 gb-headline-text\">roofSec GmbH<\/h2>\n\n\n\n<p class=\"gb-headline gb-headline-c41967f1 gb-headline-text\">Spattendorf 22<br>4211 Alberndorf<br>\u00d6sterreich<\/p>\n\n\n\n<h6 class=\"gb-headline gb-headline-a527e216\"><span class=\"gb-icon\"><svg aria-hidden=\"true\" role=\"img\" height=\"1em\" width=\"1em\" viewBox=\"0 0 512 512\" xmlns=\"http:\/\/www.w3.org\/2000\/svg\"><path fill=\"currentColor\" d=\"M464 64H48C21.49 64 0 85.49 0 112v288c0 26.51 21.49 48 48 48h416c26.51 0 48-21.49 48-48V112c0-26.51-21.49-48-48-48zm0 48v40.805c-22.422 18.259-58.168 46.651-134.587 106.49-16.841 13.247-50.201 45.072-73.413 44.701-23.208.375-56.579-31.459-73.413-44.701C106.18 199.465 70.425 171.067 48 152.805V112h416zM48 400V214.398c22.914 18.251 55.409 43.862 104.938 82.646 21.857 17.205 60.134 55.186 103.062 54.955 42.717.231 80.509-37.199 103.053-54.947 49.528-38.783 82.032-64.401 104.947-82.653V400H48z\"><\/path><\/svg><\/span><span class=\"gb-headline-text\"><a href=\"mailto:office@roofsec.com\">office@roofsec.com<\/a><\/span><\/h6>\n\n\n\n<p><em>Dieses Projekt wird aus Mitteln des Europ\u00e4ischen Fonds f\u00fcr regionale Entwicklung und des Landes Ober\u00f6sterreich kofinanziert. N\u00e4here Informationen zu IWB\/EFRE finden Sie auf&nbsp;<a href=\"http:\/\/www.iwb2020.at\/\">www.iwb2020.at<\/a><\/em><\/p>\n\n<\/div><\/div><\/div>\n\n<div class=\"gb-grid-column gb-grid-column-ec3be5b0\"><div class=\"gb-container gb-container-ec3be5b0\"><div class=\"gb-inside-container\">\n\n<p class=\"gb-headline gb-headline-abaf88bf gb-headline-text\">Beh\u00f6rde gem. ECG: BH Urfahr-Umgebung<br>Kammer: WKO Ober\u00f6sterreich<br>Sitz der Gesellschaft: Alberndorf<br>Rechtsform: Gesellschaft mit beschr\u00e4nkter Haftung<br>Gesch\u00e4ftsf\u00fchrer: Thomas Reinhard Stadler<br>Firmenbuchgericht: Landesgericht Linz<br>Firmenbuchnummer: 459506w<br>UID: ATU 71544625<\/p>\n\n\n\n<p><strong>Bildquellen und -rechte:<\/strong><br>Wenn nicht anders angegeben \u00a9 roofSec GmbH<\/p>\n\n<\/div><\/div><\/div>\n<\/div>","protected":false},"excerpt":{"rendered":"","protected":false},"author":1,"featured_media":0,"parent":0,"menu_order":0,"comment_status":"closed","ping_status":"closed","template":"","meta":{"_yoast_wpseo_focuskw":"","_yoast_wpseo_title":"","_yoast_wpseo_metadesc":"","footnotes":""},"class_list":["post-1071","page","type-page","status-publish"],"yoast_head":"<!-- This site is optimized with the Yoast SEO plugin v27.5 - https:\/\/yoast.com\/product\/yoast-seo-wordpress\/ -->\n<title>Impressum - roofSec<\/title>\n<meta name=\"robots\" content=\"index, follow, max-snippet:-1, max-image-preview:large, max-video-preview:-1\" \/>\n<link rel=\"canonical\" href=\"https:\/\/www.roofsec.com\/de\/imprint\/\" \/>\n<meta property=\"og:locale\" content=\"de_DE\" \/>\n<meta property=\"og:type\" content=\"article\" \/>\n<meta property=\"og:title\" content=\"Impressum - roofSec\" \/>\n<meta property=\"og:url\" content=\"https:\/\/www.roofsec.com\/de\/imprint\/\" \/>\n<meta property=\"og:site_name\" content=\"roofSec\" \/>\n<meta property=\"article:publisher\" content=\"https:\/\/www.facebook.com\/Roofsec\" \/>\n<meta property=\"article:modified_time\" content=\"2022-10-26T06:17:32+00:00\" \/>\n<meta name=\"twitter:card\" content=\"summary_large_image\" \/>\n<script type=\"application\/ld+json\" class=\"yoast-schema-graph\">{\"@context\":\"https:\\\/\\\/schema.org\",\"@graph\":[{\"@type\":\"WebPage\",\"@id\":\"https:\\\/\\\/www.roofsec.com\\\/imprint\\\/\",\"url\":\"https:\\\/\\\/www.roofsec.com\\\/imprint\\\/\",\"name\":\"Impressum - roofSec\",\"isPartOf\":{\"@id\":\"https:\\\/\\\/www.roofsec.com\\\/de\\\/#website\"},\"datePublished\":\"2022-10-14T10:44:24+00:00\",\"dateModified\":\"2022-10-26T06:17:32+00:00\",\"breadcrumb\":{\"@id\":\"https:\\\/\\\/www.roofsec.com\\\/imprint\\\/#breadcrumb\"},\"inLanguage\":\"de\",\"potentialAction\":[{\"@type\":\"ReadAction\",\"target\":[\"https:\\\/\\\/www.roofsec.com\\\/imprint\\\/\"]}]},{\"@type\":\"BreadcrumbList\",\"@id\":\"https:\\\/\\\/www.roofsec.com\\\/imprint\\\/#breadcrumb\",\"itemListElement\":[{\"@type\":\"ListItem\",\"position\":1,\"name\":\"Start\",\"item\":\"https:\\\/\\\/www.roofsec.com\\\/\"},{\"@type\":\"ListItem\",\"position\":2,\"name\":\"Impressum\"}]},{\"@type\":\"WebSite\",\"@id\":\"https:\\\/\\\/www.roofsec.com\\\/de\\\/#website\",\"url\":\"https:\\\/\\\/www.roofsec.com\\\/de\\\/\",\"name\":\"roofSec\",\"description\":\"Das Flachdach der Zukunft\",\"publisher\":{\"@id\":\"https:\\\/\\\/www.roofsec.com\\\/de\\\/#organization\"},\"potentialAction\":[{\"@type\":\"SearchAction\",\"target\":{\"@type\":\"EntryPoint\",\"urlTemplate\":\"https:\\\/\\\/www.roofsec.com\\\/de\\\/?s={search_term_string}\"},\"query-input\":{\"@type\":\"PropertyValueSpecification\",\"valueRequired\":true,\"valueName\":\"search_term_string\"}}],\"inLanguage\":\"de\"},{\"@type\":\"Organization\",\"@id\":\"https:\\\/\\\/www.roofsec.com\\\/de\\\/#organization\",\"name\":\"roofSec GmbH\",\"url\":\"https:\\\/\\\/www.roofsec.com\\\/de\\\/\",\"logo\":{\"@type\":\"ImageObject\",\"inLanguage\":\"de\",\"@id\":\"https:\\\/\\\/www.roofsec.com\\\/de\\\/#\\\/schema\\\/logo\\\/image\\\/\",\"url\":\"https:\\\/\\\/www.roofsec.com\\\/wp-content\\\/uploads\\\/2022\\\/10\\\/cropped-roofSec-logo.png\",\"contentUrl\":\"https:\\\/\\\/www.roofsec.com\\\/wp-content\\\/uploads\\\/2022\\\/10\\\/cropped-roofSec-logo.png\",\"width\":600,\"height\":147,\"caption\":\"roofSec GmbH\"},\"image\":{\"@id\":\"https:\\\/\\\/www.roofsec.com\\\/de\\\/#\\\/schema\\\/logo\\\/image\\\/\"},\"sameAs\":[\"https:\\\/\\\/www.facebook.com\\\/Roofsec\",\"https:\\\/\\\/www.linkedin.com\\\/company\\\/roofsec\\\/\"]}]}<\/script>\n<!-- \/ Yoast SEO plugin. -->","yoast_head_json":{"title":"Impressum - roofSec","robots":{"index":"index","follow":"follow","max-snippet":"max-snippet:-1","max-image-preview":"max-image-preview:large","max-video-preview":"max-video-preview:-1"},"canonical":"https:\/\/www.roofsec.com\/de\/imprint\/","og_locale":"de_DE","og_type":"article","og_title":"Impressum - roofSec","og_url":"https:\/\/www.roofsec.com\/de\/imprint\/","og_site_name":"roofSec","article_publisher":"https:\/\/www.facebook.com\/Roofsec","article_modified_time":"2022-10-26T06:17:32+00:00","twitter_card":"summary_large_image","schema":{"@context":"https:\/\/schema.org","@graph":[{"@type":"WebPage","@id":"https:\/\/www.roofsec.com\/imprint\/","url":"https:\/\/www.roofsec.com\/imprint\/","name":"Impressum - roofSec","isPartOf":{"@id":"https:\/\/www.roofsec.com\/de\/#website"},"datePublished":"2022-10-14T10:44:24+00:00","dateModified":"2022-10-26T06:17:32+00:00","breadcrumb":{"@id":"https:\/\/www.roofsec.com\/imprint\/#breadcrumb"},"inLanguage":"de","potentialAction":[{"@type":"ReadAction","target":["https:\/\/www.roofsec.com\/imprint\/"]}]},{"@type":"BreadcrumbList","@id":"https:\/\/www.roofsec.com\/imprint\/#breadcrumb","itemListElement":[{"@type":"ListItem","position":1,"name":"Start","item":"https:\/\/www.roofsec.com\/"},{"@type":"ListItem","position":2,"name":"Impressum"}]},{"@type":"WebSite","@id":"https:\/\/www.roofsec.com\/de\/#website","url":"https:\/\/www.roofsec.com\/de\/","name":"roofSec","description":"Das Flachdach der Zukunft","publisher":{"@id":"https:\/\/www.roofsec.com\/de\/#organization"},"potentialAction":[{"@type":"SearchAction","target":{"@type":"EntryPoint","urlTemplate":"https:\/\/www.roofsec.com\/de\/?s={search_term_string}"},"query-input":{"@type":"PropertyValueSpecification","valueRequired":true,"valueName":"search_term_string"}}],"inLanguage":"de"},{"@type":"Organization","@id":"https:\/\/www.roofsec.com\/de\/#organization","name":"roofSec GmbH","url":"https:\/\/www.roofsec.com\/de\/","logo":{"@type":"ImageObject","inLanguage":"de","@id":"https:\/\/www.roofsec.com\/de\/#\/schema\/logo\/image\/","url":"https:\/\/www.roofsec.com\/wp-content\/uploads\/2022\/10\/cropped-roofSec-logo.png","contentUrl":"https:\/\/www.roofsec.com\/wp-content\/uploads\/2022\/10\/cropped-roofSec-logo.png","width":600,"height":147,"caption":"roofSec GmbH"},"image":{"@id":"https:\/\/www.roofsec.com\/de\/#\/schema\/logo\/image\/"},"sameAs":["https:\/\/www.facebook.com\/Roofsec","https:\/\/www.linkedin.com\/company\/roofsec\/"]}]}},"_links":{"self":[{"href":"https:\/\/www.roofsec.com\/de\/wp-json\/wp\/v2\/pages\/1071","targetHints":{"allow":["GET"]}}],"collection":[{"href":"https:\/\/www.roofsec.com\/de\/wp-json\/wp\/v2\/pages"}],"about":[{"href":"https:\/\/www.roofsec.com\/de\/wp-json\/wp\/v2\/types\/page"}],"author":[{"embeddable":true,"href":"https:\/\/www.roofsec.com\/de\/wp-json\/wp\/v2\/users\/1"}],"replies":[{"embeddable":true,"href":"https:\/\/www.roofsec.com\/de\/wp-json\/wp\/v2\/comments?post=1071"}],"version-history":[{"count":4,"href":"https:\/\/www.roofsec.com\/de\/wp-json\/wp\/v2\/pages\/1071\/revisions"}],"predecessor-version":[{"id":1128,"href":"https:\/\/www.roofsec.com\/de\/wp-json\/wp\/v2\/pages\/1071\/revisions\/1128"}],"wp:attachment":[{"href":"https:\/\/www.roofsec.com\/de\/wp-json\/wp\/v2\/media?parent=1071"}],"curies":[{"name":"wp","href":"https:\/\/api.w.org\/{rel}","templated":true}]}}