{"id":816,"date":"2021-05-30T14:08:16","date_gmt":"2021-05-30T13:08:16","guid":{"rendered":"https:\/\/crypto.wordifysites.com\/?page_id=2"},"modified":"2026-04-15T12:01:36","modified_gmt":"2026-04-15T10:01:36","slug":"home","status":"publish","type":"page","link":"https:\/\/www.roofsec.com\/de\/","title":{"rendered":"Home"},"content":{"rendered":"<div class=\"gb-container gb-container-190ba00e\"><div class=\"gb-inside-container\">\n<div class=\"gb-grid-wrapper gb-grid-wrapper-ef5d407f\">\n<div class=\"gb-grid-column gb-grid-column-69101d0b\"><div class=\"gb-container gb-container-69101d0b\"><div class=\"gb-inside-container\">\n\n<div class=\"gb-headline gb-headline-dd2f3fd7\" style=\"display:flex;align-items:center;color:var(--accent);font-size:20px;margin-bottom:10px;\"><span class=\"gb-icon\" style=\"display:flex;width:46px;height:36px;flex-shrink:0;\"><svg viewBox=\"0 0 80 42\" xmlns=\"http:\/\/www.w3.org\/2000\/svg\" data-name=\"subtract\" style=\"display:block;width:36px;height:36px;fill:var(--accent);\"><path d=\"M0 20.06h80v1.87H0z\" style=\"fill:var(--accent);\"><\/path><\/svg><\/span><span class=\"gb-headline-text\" style=\"display:block;\">Sch\u00fctzen Sie Ihr Dach fr\u00fchzeitig vor N\u00e4sseeintritt<\/span><\/div>\n\n\n\n<h1 class=\"gb-headline gb-headline-d9dff7c5 gb-headline-text\"><mark class=\"gb-highlight\">Flachdach-Monitoring<\/mark>, das Wassereintritt fr\u00fch erkennt<\/h1>\n\n\n\n<div class=\"gb-headline gb-headline-hero-subline-15042026 gb-headline-text\" style=\"font-size:22px;line-height:1.7;margin-top:18px;margin-bottom:14px;\">roofSec erkennt Feuchtigkeit und undichte Stellen auf Flachd\u00e4chern fr\u00fchzeitig und meldet sie automatisch. F\u00fcr Gr\u00fcnd\u00e4cher, PV-D\u00e4cher und Gewerbeobjekte, im Neubau wie in der Sanierung.<\/div>\n\n\n<div class=\"gb-button-wrapper gb-button-wrapper-8859aa64\">\n\n<a class=\"gb-button gb-button-3463b042 gb-button-text\" href=\"https:\/\/www.roofsec.com\/de\/contact\/\">Kostenlos informieren<\/a>\n\n<\/div>\n<\/div><\/div><\/div>\n\n<div class=\"gb-grid-column gb-grid-column-54106995\"><div class=\"gb-container gb-container-54106995\"><div class=\"gb-inside-container\">\n\n<figure class=\"wp-block-image size-full\"><img loading=\"lazy\" decoding=\"async\" width=\"866\" height=\"608\" src=\"https:\/\/www.roofsec.com\/wp-content\/uploads\/2022\/10\/roofSec-Aufbau.png\" alt=\"Schema des roofSec-Systems zur \u00dcberwachung von Flachd\u00e4chern\" class=\"wp-image-990\" srcset=\"https:\/\/www.roofsec.com\/wp-content\/uploads\/2022\/10\/roofSec-Aufbau.png 866w, https:\/\/www.roofsec.com\/wp-content\/uploads\/2022\/10\/roofSec-Aufbau-300x211.png 300w, https:\/\/www.roofsec.com\/wp-content\/uploads\/2022\/10\/roofSec-Aufbau-768x539.png 768w\" sizes=\"auto, (max-width: 866px) 100vw, 866px\" \/><\/figure>\n\n<\/div><\/div><\/div>\n<\/div>\n<\/div><div class=\"gb-shapes\"><div class=\"gb-shape gb-shape-1\"><svg xmlns=\"http:\/\/www.w3.org\/2000\/svg\" viewBox=\"0 0 1200 130.3\" preserveAspectRatio=\"none\"><path d=\"M0 107.9l40-22.2c40-21.9 120-66.9 200-62.2 80 4.4 160 57.8 240 53.3C560 72 640 10.4 720 1.2S880 37 960 59c80 22.3 160 22.3 200 22.3h40v49H0v-22.4z\"\/><\/svg><\/div><\/div><\/div>\n\n<div class=\"gb-container gb-container-fdbd6300\"><div class=\"gb-inside-container\">\n<div class=\"gb-grid-wrapper gb-grid-wrapper-126af6dc\">\n<div class=\"gb-grid-column gb-grid-column-32e1430d\"><div class=\"gb-container gb-container-32e1430d\"><div class=\"gb-inside-container\">\n\n<h2 class=\"gb-headline gb-headline-539c30d5\"><span class=\"gb-icon\"><svg viewBox=\"0 0 80 42\" xmlns=\"http:\/\/www.w3.org\/2000\/svg\" data-name=\"subtract\"><path d=\"M0 20.06h80v1.87H0z\"><\/path><\/svg><\/span><span class=\"gb-headline-text\">Ihre Vorteile<\/span><\/h2>\n\n\n\n<h2 class=\"gb-headline gb-headline-fcccb11c gb-headline-text\">Warum roofSec?<\/h2>\n\n\n\n<div class=\"gb-headline gb-headline-0236e766 gb-headline-text\">roofSec \u00fcberwacht Ihr Flachdach <strong>rund um die Uhr<\/strong> und verhindert N\u00e4sseeintritt. Im Falle eines Schadens schl\u00e4gt es <strong>Alarm<\/strong>. So sparen Sie Geld, schonen Ihre Nerven und sind immer auf der sicheren Seite.<\/div>\n\n\n\n<div class=\"gb-headline gb-headline-7e5a2c41 gb-headline-text\">Erfahren Sie, wie roofSec funktioniert, wo das System eingesetzt wird und warum sich die fr\u00fche Erkennung von N\u00e4sseeintritt wirtschaftlich lohnt. <a href=\"https:\/\/www.roofsec.com\/de\/why-roofsec\/\">Mehr zu den Vorteilen von roofSec<\/a><\/div>\n\n<\/div><\/div><\/div>\n\n<div class=\"gb-grid-column gb-grid-column-b910f0a6\"><div class=\"gb-container gb-container-b910f0a6\"><div class=\"gb-inside-container\">\n\n<div class=\"wp-block-columns is-layout-flex wp-container-core-columns-is-layout-9d6595d7 wp-block-columns-is-layout-flex\">\n<div class=\"wp-block-column is-layout-flow wp-block-column-is-layout-flow\">\n<figure class=\"wp-block-image size-full is-resized\"><img loading=\"lazy\" decoding=\"async\" width=\"96\" height=\"96\" src=\"https:\/\/www.roofsec.com\/wp-content\/uploads\/2022\/10\/Leckageerkennung.png\" alt=\"Visualisierung der pr\u00e4zisen Leckageerkennung mit roofSec\" class=\"wp-image-1008\" style=\"width:96px;height:96px\"\/><\/figure>\n\n\n\n<div class=\"gb-headline gb-headline-1bc87535 gb-headline-text\">Pr\u00e4zise Leckageerkennung<\/div>\n<\/div>\n\n\n\n<div class=\"wp-block-column is-layout-flow wp-block-column-is-layout-flow\">\n<figure class=\"wp-block-image size-full\"><img loading=\"lazy\" decoding=\"async\" width=\"97\" height=\"96\" src=\"https:\/\/www.roofsec.com\/wp-content\/uploads\/2022\/10\/Leckagebenachrichtigung.png\" alt=\"Benachrichtigung bei erkanntem N\u00e4sseeintritt auf dem Flachdach\" class=\"wp-image-1009\"\/><\/figure>\n\n\n\n<div class=\"gb-headline gb-headline-bb84fab3 gb-headline-text\">Echtzeit-Leckbenachrichtigung<\/div>\n<\/div>\n\n\n\n<div class=\"wp-block-column is-layout-flow wp-block-column-is-layout-flow\">\n<figure class=\"gb-block-image gb-block-image-7836fd5c\"><img loading=\"lazy\" decoding=\"async\" width=\"96\" height=\"96\" class=\"gb-image gb-image-7836fd5c\" src=\"https:\/\/www.roofsec.com\/wp-content\/uploads\/2023\/02\/Ueberwachung.png\" alt=\"24\/7 \u00dcberwachung des Flachdachs mit roofSec\" title=\"Ueberwachung\" srcset=\"https:\/\/www.roofsec.com\/wp-content\/uploads\/2023\/02\/Ueberwachung.png 96w, https:\/\/www.roofsec.com\/wp-content\/uploads\/2023\/02\/Ueberwachung-12x12.png 12w\" sizes=\"auto, (max-width: 96px) 100vw, 96px\" \/><\/figure>\n\n\n\n<div class=\"gb-headline gb-headline-53940c65 gb-headline-text\">24\/7 \u00dcberwachung<\/div>\n<\/div>\n<\/div>\n\n<\/div><\/div><\/div>\n<\/div>\n<\/div><\/div>\n\n<div class=\"gb-container gb-container-8a45a45f\"><div class=\"gb-inside-container\">\n<div class=\"gb-grid-wrapper gb-grid-wrapper-cd83db46\">\n<div class=\"gb-grid-column gb-grid-column-c0c76b75\"><div class=\"gb-container gb-container-c0c76b75\"><div class=\"gb-inside-container\">\n\n<h2 class=\"gb-headline gb-headline-c303b5b6\"><span class=\"gb-icon\"><svg viewBox=\"0 0 80 42\" xmlns=\"http:\/\/www.w3.org\/2000\/svg\" data-name=\"subtract\"><path d=\"M0 20.06h80v1.87H0z\"><\/path><\/svg><\/span><span class=\"gb-headline-text\">So funktioniert es<\/span><\/h2>\n\n\n\n<h2 class=\"gb-headline gb-headline-aff0c1a7 gb-headline-text\">Das roofSec-System in 3 Schritten<\/h2>\n\n\n\n<ol class=\"wp-block-list has-medium-font-size\">\n<li>Verlegung des Sensorkabels nach zuvor geplantem Muster<\/li>\n\n\n\n<li>Montage der Kommunikationseinheit im Geb\u00e4ude-Inneren<\/li>\n\n\n\n<li>Weiterleitung der Informationen an das Cloud-Service. Dort findet die Auswertung mittels K\u00fcnstlicher Intelligenz statt.<\/li>\n<\/ol>\n\n<\/div><\/div><\/div>\n\n<div class=\"gb-grid-column gb-grid-column-a09b2f0a\"><div class=\"gb-container gb-container-a09b2f0a\"><div class=\"gb-inside-container\">\n\n<figure class=\"wp-block-image size-full\"><img loading=\"lazy\" decoding=\"async\" width=\"1000\" height=\"661\" src=\"https:\/\/www.roofsec.com\/wp-content\/uploads\/2022\/11\/roofSec-System.png\" alt=\"Schema des flexibel verlegbaren roofSec-Systems auf dem Flachdach\" class=\"wp-image-1387\" srcset=\"https:\/\/www.roofsec.com\/wp-content\/uploads\/2022\/11\/roofSec-System.png 1000w, https:\/\/www.roofsec.com\/wp-content\/uploads\/2022\/11\/roofSec-System-300x198.png 300w, https:\/\/www.roofsec.com\/wp-content\/uploads\/2022\/11\/roofSec-System-768x508.png 768w, https:\/\/www.roofsec.com\/wp-content\/uploads\/2022\/11\/roofSec-System-18x12.png 18w\" sizes=\"auto, (max-width: 1000px) 100vw, 1000px\" \/><\/figure>\n\n<\/div><\/div><\/div>\n<\/div>\n<\/div><\/div>\n\n<div class=\"gb-container gb-container-db4b16e0\"><div class=\"gb-inside-container\">\n\n<h2 class=\"gb-headline gb-headline-8e929656\"><span class=\"gb-icon\"><svg viewBox=\"0 0 80 42\" xmlns=\"http:\/\/www.w3.org\/2000\/svg\" data-name=\"subtract\"><path d=\"M0 20.06h80v1.87H0z\"><\/path><\/svg><\/span><span class=\"gb-headline-text\">Passt auf jedes Flachdach<\/span><\/h2>\n\n\n\n<h2 class=\"gb-headline gb-headline-e3188463 gb-headline-text\">So flexibel ist roofSec<\/h2>\n\n\n\n<div class=\"gb-headline gb-headline-5a1f9c33 gb-headline-text\">roofSec l\u00e4sst sich in unterschiedliche Dachaufbauten integrieren und eignet sich f\u00fcr Neubau, Sanierung sowie verschiedene Material- und Geb\u00e4udeformen. <a href=\"https:\/\/www.roofsec.com\/de\/products\/\">Zu den roofSec Produkten<\/a><\/div>\n\n\n<div class=\"gb-grid-wrapper gb-grid-wrapper-8aea13f1\">\n<div class=\"gb-grid-column gb-grid-column-ba6b213d\"><div class=\"gb-container gb-container-ba6b213d\"><div class=\"gb-inside-container\">\n\n<figure class=\"wp-block-image size-full\"><img loading=\"lazy\" decoding=\"async\" width=\"64\" height=\"61\" src=\"https:\/\/www.roofsec.com\/wp-content\/uploads\/2022\/10\/Dachaufbau.png\" alt=\"roofSec eignet sich f\u00fcr unterschiedliche Flachdach-Aufbauten\" class=\"wp-image-1042\"\/><\/figure>\n\n\n\n<h3 class=\"gb-headline gb-headline-79a1c004 gb-headline-text\">F\u00fcr jeden g\u00e4ngigen Dachaufbau geeignet<\/h3>\n\n<\/div><\/div><\/div>\n\n<div class=\"gb-grid-column gb-grid-column-cd6dc470\"><div class=\"gb-container gb-container-cd6dc470\"><div class=\"gb-inside-container\">\n\n<figure class=\"wp-block-image size-full\"><img loading=\"lazy\" decoding=\"async\" width=\"64\" height=\"65\" src=\"https:\/\/www.roofsec.com\/wp-content\/uploads\/2022\/10\/Materialien.png\" alt=\"roofSec ist mit branchen\u00fcblichen Materialien im Flachdach kompatibel\" class=\"wp-image-1043\"\/><\/figure>\n\n\n\n<h3 class=\"gb-headline gb-headline-b8105485 gb-headline-text\">Mit allen branchen\u00fcblichen Materialien kompatibel<\/h3>\n\n<\/div><\/div><\/div>\n\n<div class=\"gb-grid-column gb-grid-column-d6489351\"><div class=\"gb-container gb-container-d6489351\"><div class=\"gb-inside-container\">\n\n<figure class=\"wp-block-image size-full\"><img loading=\"lazy\" decoding=\"async\" width=\"64\" height=\"65\" src=\"https:\/\/www.roofsec.com\/wp-content\/uploads\/2023\/02\/Gebaeudeform.png\" alt=\"roofSec-Sensorkabel kann unabh\u00e4ngig von der Geb\u00e4udeform verlegt werden\" class=\"wp-image-1512\" srcset=\"https:\/\/www.roofsec.com\/wp-content\/uploads\/2023\/02\/Gebaeudeform.png 64w, https:\/\/www.roofsec.com\/wp-content\/uploads\/2023\/02\/Gebaeudeform-12x12.png 12w\" sizes=\"auto, (max-width: 64px) 100vw, 64px\" \/><\/figure>\n\n\n\n<h3 class=\"gb-headline gb-headline-df17718e gb-headline-text\">Frei verlegbar, unabh\u00e4ngig von der Geb\u00e4udeform<\/h3>\n\n<\/div><\/div><\/div>\n<\/div>\n<\/div><\/div>\n\n<div class=\"gb-container gb-container-91b231bf\"><div class=\"gb-inside-container\">\n<div class=\"gb-grid-wrapper gb-grid-wrapper-409ddfb8\">\n<div class=\"gb-grid-column gb-grid-column-31111a3b\"><div class=\"gb-container gb-container-31111a3b\"><div class=\"gb-inside-container\">\n\n<figure class=\"wp-block-image size-full\"><img loading=\"lazy\" decoding=\"async\" width=\"805\" height=\"683\" src=\"https:\/\/www.roofsec.com\/wp-content\/uploads\/2022\/10\/Flachdach-Aufbau.png\" alt=\"Aufbau eines Flachdachs mit roofSec-Sensorkabel auf der Dampfsperre\" class=\"wp-image-1047\" srcset=\"https:\/\/www.roofsec.com\/wp-content\/uploads\/2022\/10\/Flachdach-Aufbau.png 805w, https:\/\/www.roofsec.com\/wp-content\/uploads\/2022\/10\/Flachdach-Aufbau-300x255.png 300w, https:\/\/www.roofsec.com\/wp-content\/uploads\/2022\/10\/Flachdach-Aufbau-768x652.png 768w\" sizes=\"auto, (max-width: 805px) 100vw, 805px\" \/><\/figure>\n\n<\/div><\/div><\/div>\n\n<div class=\"gb-grid-column gb-grid-column-a955004c\"><div class=\"gb-container gb-container-a955004c\"><div class=\"gb-inside-container\">\n\n<h2 class=\"gb-headline gb-headline-feba706e\"><span class=\"gb-icon\"><svg viewBox=\"0 0 80 42\" xmlns=\"http:\/\/www.w3.org\/2000\/svg\" data-name=\"subtract\"><path d=\"M0 20.06h80v1.87H0z\"><\/path><\/svg><\/span><span class=\"gb-headline-text\">roofSec f\u00fcgt sich nahtlos ein<\/span><\/h2>\n\n\n\n<h2 class=\"gb-headline gb-headline-a163fdff gb-headline-text\">Aufbau eines Flachdachs mit Sensorkabel<\/h2>\n\n\n\n<ol class=\"wp-block-list custom-list has-medium-font-size\">\n<li>Begr\u00fcnung \/ Bekiesung<\/li>\n\n\n\n<li>Abdichtungsfolie<\/li>\n\n\n\n<li>D\u00e4mmung<\/li>\n\n\n\n<li>roofSec-Sensorkabel<\/li>\n\n\n\n<li>Dampfsperre<\/li>\n\n\n\n<li>Beton \/ Holz<\/li>\n<\/ol>\n\n<\/div><\/div><\/div>\n<\/div>\n<\/div><\/div>\n\n<div class=\"gb-container gb-container-9c7c697b\"><div class=\"gb-inside-container\">\n\n<h2 class=\"gb-headline gb-headline-901bae6b\"><span class=\"gb-icon\"><svg viewBox=\"0 0 80 42\" xmlns=\"http:\/\/www.w3.org\/2000\/svg\" data-name=\"subtract\"><path d=\"M0 20.06h80v1.87H0z\"><\/path><\/svg><\/span><span class=\"gb-headline-text\">Noch nicht \u00fcberzeugt?<\/span><\/h2>\n\n\n\n<h2 class=\"gb-headline gb-headline-d3fd4111 gb-headline-text\">Was unsere Kunden \u00fcber uns sagen<\/h2>\n\n\n<div class=\"gb-grid-wrapper gb-grid-wrapper-ad07b899\">\n<div class=\"gb-grid-column gb-grid-column-4d21b783\"><div class=\"gb-container gb-container-4d21b783\"><div class=\"gb-inside-container\">\n<div class=\"wp-block-image is-style-rounded\">\n<figure class=\"aligncenter size-medium\"><img loading=\"lazy\" decoding=\"async\" width=\"300\" height=\"223\" src=\"https:\/\/www.roofsec.com\/wp-content\/uploads\/2022\/10\/hartl-haus-300x223.jpg\" alt=\"Referenzprojekt HARTL HAUS mit roofSec Flachdach-Monitoring\" class=\"wp-image-1134\" srcset=\"https:\/\/www.roofsec.com\/wp-content\/uploads\/2022\/10\/hartl-haus-300x223.jpg 300w, https:\/\/www.roofsec.com\/wp-content\/uploads\/2022\/10\/hartl-haus-16x12.jpg 16w, https:\/\/www.roofsec.com\/wp-content\/uploads\/2022\/10\/hartl-haus.jpg 500w\" sizes=\"auto, (max-width: 300px) 100vw, 300px\" \/><\/figure>\n<\/div>\n<\/div><\/div><\/div>\n\n<div class=\"gb-grid-column gb-grid-column-5142c884\"><div class=\"gb-container gb-container-5142c884\"><div class=\"gb-inside-container\">\n\n<p class=\"gb-headline gb-headline-0c90658c gb-headline-text\">&#8222;Die einfach Installation des roofSec Flachdachmonitoring-Systems wurde von unserer Montage best\u00e4tigt.&#8220;<\/p>\n\n\n\n<p class=\"gb-headline gb-headline-e79ed5e3 gb-headline-text\">Joachim Biedermann, HARTL HAUS Holzindustrie GmbH<\/p>\n\n<\/div><\/div><\/div>\n<\/div>\n<\/div><\/div>\n\n<div class=\"gb-container gb-container-ioebblock01\"><div class=\"gb-inside-container\">\n\n<h2 class=\"gb-headline gb-headline-92ec4f7e\"><span class=\"gb-icon\"><svg viewBox=\"0 0 80 42\" xmlns=\"http:\/\/www.w3.org\/2000\/svg\" data-name=\"subtract\"><path d=\"M0 20.06h80v1.87H0z\"><\/path><\/svg><\/span><span class=\"gb-headline-text\">F\u00f6rderung &amp; Beschaffung<\/span><\/h2>\n\n\n\n<h2 class=\"gb-headline gb-headline-ioebblock03 gb-headline-text\">I\u00d6B-F\u00f6rderung f\u00fcr \u00f6ffentliche Bauherren<\/h2>\n\n\n\n<div class=\"gb-headline gb-headline-ioebblock04 gb-headline-text\">F\u00fcr \u00f6ffentliche Auftraggeber kann roofSec je nach Projekt auch im Kontext der innovationsf\u00f6rdernden \u00f6ffentlichen Beschaffung relevant sein. \u00dcber die I\u00d6B-Toolbox k\u00f6nnen innovative Beschaffungsprojekte unter bestimmten Voraussetzungen gef\u00f6rdert werden, in manchen F\u00e4llen mit bis zu <strong>100.000 \u20ac Zuschuss<\/strong> bzw. bis zu <strong>90 % der Kosten<\/strong>.<\/div>\n\n\n\n<div class=\"gb-headline gb-headline-ioebblock05 gb-headline-text\"><a href=\"https:\/\/www.roofsec.com\/de\/blog\/foerderung-flachdach-monitoring-ioeb\/\">Mehr zur I\u00d6B-F\u00f6rderung<\/a><\/div>\n\n<\/div><\/div>\n\n\n<p><\/p>\n","protected":false},"excerpt":{"rendered":"<p>Passt auf jedes Flachdach So flexibel ist roofSec roofSec l\u00e4sst sich in unterschiedliche Dachaufbauten integrieren und eignet sich f\u00fcr Neubau, Sanierung sowie verschiedene Material- und Geb\u00e4udeformen. Zu den roofSec Produkten Noch nicht \u00fcberzeugt? Was unsere Kunden \u00fcber uns sagen F\u00f6rderung &amp; Beschaffung I\u00d6B-F\u00f6rderung f\u00fcr \u00f6ffentliche Bauherren F\u00fcr \u00f6ffentliche Auftraggeber kann roofSec je nach Projekt auch &#8230; <\/p>\n<p class=\"read-more-container\"><a title=\"Home\" class=\"read-more button\" href=\"https:\/\/www.roofsec.com\/de\/#more-816\" aria-label=\"Mehr Informationen \u00fcber Home\">Weiterlesen &#8230;<\/a><\/p>\n","protected":false},"author":1,"featured_media":0,"parent":0,"menu_order":0,"comment_status":"closed","ping_status":"open","template":"","meta":{"_yoast_wpseo_focuskw":"Flachdach Monitoring","_yoast_wpseo_title":"roofSec \u2014 Flachdach-Monitoring mit KI | Leckagen erkennen","_yoast_wpseo_metadesc":"Vollautomatisches Flachdach-\u00dcberwachungssystem mit Sensorkabel + KI. 24\/7 Leckageerkennung f\u00fcr Gr\u00fcnd\u00e4cher, PV-D\u00e4cher und Gewerbe. Made in Austria.","footnotes":""},"class_list":["post-816","page","type-page","status-publish"],"yoast_head":"<!-- This site is optimized with the Yoast SEO plugin v27.5 - https:\/\/yoast.com\/product\/yoast-seo-wordpress\/ -->\n<title>roofSec \u2014 Flachdach-Monitoring mit KI | Leckagen erkennen<\/title>\n<meta name=\"description\" content=\"Vollautomatisches Flachdach-\u00dcberwachungssystem mit Sensorkabel + KI. 24\/7 Leckageerkennung f\u00fcr Gr\u00fcnd\u00e4cher, PV-D\u00e4cher und Gewerbe. Made in Austria.\" \/>\n<meta name=\"robots\" content=\"index, follow, max-snippet:-1, max-image-preview:large, max-video-preview:-1\" \/>\n<link rel=\"canonical\" href=\"https:\/\/www.roofsec.com\/de\/\" \/>\n<meta property=\"og:locale\" content=\"de_DE\" \/>\n<meta property=\"og:type\" content=\"article\" \/>\n<meta property=\"og:title\" content=\"roofSec \u2014 Flachdach-Monitoring mit KI | Leckagen erkennen\" \/>\n<meta property=\"og:description\" content=\"Vollautomatisches Flachdach-\u00dcberwachungssystem mit Sensorkabel + KI. 24\/7 Leckageerkennung f\u00fcr Gr\u00fcnd\u00e4cher, PV-D\u00e4cher und Gewerbe. Made in Austria.\" \/>\n<meta property=\"og:url\" content=\"https:\/\/www.roofsec.com\/de\/\" \/>\n<meta property=\"og:site_name\" content=\"roofSec\" \/>\n<meta property=\"article:publisher\" content=\"https:\/\/www.facebook.com\/Roofsec\" \/>\n<meta property=\"article:modified_time\" content=\"2026-04-15T10:01:36+00:00\" \/>\n<meta property=\"og:image\" content=\"https:\/\/www.roofsec.com\/wp-content\/uploads\/2022\/10\/roofSec-Aufbau.png\" \/>\n\t<meta property=\"og:image:width\" content=\"866\" \/>\n\t<meta property=\"og:image:height\" content=\"608\" \/>\n\t<meta property=\"og:image:type\" content=\"image\/png\" \/>\n<meta name=\"twitter:card\" content=\"summary_large_image\" \/>\n<meta name=\"twitter:label1\" content=\"Gesch\u00e4tzte Lesezeit\" \/>\n\t<meta name=\"twitter:data1\" content=\"4\u00a0Minuten\" \/>\n<script type=\"application\/ld+json\" class=\"yoast-schema-graph\">{\"@context\":\"https:\\\/\\\/schema.org\",\"@graph\":[{\"@type\":\"WebPage\",\"@id\":\"https:\\\/\\\/www.roofsec.com\\\/\",\"url\":\"https:\\\/\\\/www.roofsec.com\\\/\",\"name\":\"roofSec \u2014 Flachdach-Monitoring mit KI | Leckagen erkennen\",\"isPartOf\":{\"@id\":\"https:\\\/\\\/www.roofsec.com\\\/de\\\/#website\"},\"primaryImageOfPage\":{\"@id\":\"https:\\\/\\\/www.roofsec.com\\\/#primaryimage\"},\"image\":{\"@id\":\"https:\\\/\\\/www.roofsec.com\\\/#primaryimage\"},\"thumbnailUrl\":\"https:\\\/\\\/www.roofsec.com\\\/wp-content\\\/uploads\\\/2022\\\/10\\\/roofSec-Aufbau.png\",\"datePublished\":\"2021-05-30T13:08:16+00:00\",\"dateModified\":\"2026-04-15T10:01:36+00:00\",\"description\":\"Vollautomatisches Flachdach-\u00dcberwachungssystem mit Sensorkabel + KI. 24\\\/7 Leckageerkennung f\u00fcr Gr\u00fcnd\u00e4cher, PV-D\u00e4cher und Gewerbe. Made in Austria.\",\"breadcrumb\":{\"@id\":\"https:\\\/\\\/www.roofsec.com\\\/#breadcrumb\"},\"inLanguage\":\"de\",\"potentialAction\":[{\"@type\":\"ReadAction\",\"target\":[\"https:\\\/\\\/www.roofsec.com\\\/\"]}]},{\"@type\":\"ImageObject\",\"inLanguage\":\"de\",\"@id\":\"https:\\\/\\\/www.roofsec.com\\\/#primaryimage\",\"url\":\"https:\\\/\\\/www.roofsec.com\\\/wp-content\\\/uploads\\\/2022\\\/10\\\/roofSec-Aufbau.png\",\"contentUrl\":\"https:\\\/\\\/www.roofsec.com\\\/wp-content\\\/uploads\\\/2022\\\/10\\\/roofSec-Aufbau.png\"},{\"@type\":\"BreadcrumbList\",\"@id\":\"https:\\\/\\\/www.roofsec.com\\\/#breadcrumb\",\"itemListElement\":[{\"@type\":\"ListItem\",\"position\":1,\"name\":\"Start\",\"item\":\"https:\\\/\\\/www.roofsec.com\\\/\"},{\"@type\":\"ListItem\",\"position\":2,\"name\":\"Home\"}]},{\"@type\":\"WebSite\",\"@id\":\"https:\\\/\\\/www.roofsec.com\\\/de\\\/#website\",\"url\":\"https:\\\/\\\/www.roofsec.com\\\/de\\\/\",\"name\":\"roofSec\",\"description\":\"Das Flachdach der Zukunft\",\"publisher\":{\"@id\":\"https:\\\/\\\/www.roofsec.com\\\/de\\\/#organization\"},\"potentialAction\":[{\"@type\":\"SearchAction\",\"target\":{\"@type\":\"EntryPoint\",\"urlTemplate\":\"https:\\\/\\\/www.roofsec.com\\\/de\\\/?s={search_term_string}\"},\"query-input\":{\"@type\":\"PropertyValueSpecification\",\"valueRequired\":true,\"valueName\":\"search_term_string\"}}],\"inLanguage\":\"de\"},{\"@type\":\"Organization\",\"@id\":\"https:\\\/\\\/www.roofsec.com\\\/de\\\/#organization\",\"name\":\"roofSec GmbH\",\"url\":\"https:\\\/\\\/www.roofsec.com\\\/de\\\/\",\"logo\":{\"@type\":\"ImageObject\",\"inLanguage\":\"de\",\"@id\":\"https:\\\/\\\/www.roofsec.com\\\/de\\\/#\\\/schema\\\/logo\\\/image\\\/\",\"url\":\"https:\\\/\\\/www.roofsec.com\\\/wp-content\\\/uploads\\\/2022\\\/10\\\/cropped-roofSec-logo.png\",\"contentUrl\":\"https:\\\/\\\/www.roofsec.com\\\/wp-content\\\/uploads\\\/2022\\\/10\\\/cropped-roofSec-logo.png\",\"width\":600,\"height\":147,\"caption\":\"roofSec GmbH\"},\"image\":{\"@id\":\"https:\\\/\\\/www.roofsec.com\\\/de\\\/#\\\/schema\\\/logo\\\/image\\\/\"},\"sameAs\":[\"https:\\\/\\\/www.facebook.com\\\/Roofsec\",\"https:\\\/\\\/www.linkedin.com\\\/company\\\/roofsec\\\/\"]}]}<\/script>\n<!-- \/ Yoast SEO plugin. -->","yoast_head_json":{"title":"roofSec \u2014 Flachdach-Monitoring mit KI | Leckagen erkennen","description":"Vollautomatisches Flachdach-\u00dcberwachungssystem mit Sensorkabel + KI. 24\/7 Leckageerkennung f\u00fcr Gr\u00fcnd\u00e4cher, PV-D\u00e4cher und Gewerbe. Made in Austria.","robots":{"index":"index","follow":"follow","max-snippet":"max-snippet:-1","max-image-preview":"max-image-preview:large","max-video-preview":"max-video-preview:-1"},"canonical":"https:\/\/www.roofsec.com\/de\/","og_locale":"de_DE","og_type":"article","og_title":"roofSec \u2014 Flachdach-Monitoring mit KI | Leckagen erkennen","og_description":"Vollautomatisches Flachdach-\u00dcberwachungssystem mit Sensorkabel + KI. 24\/7 Leckageerkennung f\u00fcr Gr\u00fcnd\u00e4cher, PV-D\u00e4cher und Gewerbe. Made in Austria.","og_url":"https:\/\/www.roofsec.com\/de\/","og_site_name":"roofSec","article_publisher":"https:\/\/www.facebook.com\/Roofsec","article_modified_time":"2026-04-15T10:01:36+00:00","og_image":[{"width":866,"height":608,"url":"https:\/\/www.roofsec.com\/wp-content\/uploads\/2022\/10\/roofSec-Aufbau.png","type":"image\/png"}],"twitter_card":"summary_large_image","twitter_misc":{"Gesch\u00e4tzte Lesezeit":"4\u00a0Minuten"},"schema":{"@context":"https:\/\/schema.org","@graph":[{"@type":"WebPage","@id":"https:\/\/www.roofsec.com\/","url":"https:\/\/www.roofsec.com\/","name":"roofSec \u2014 Flachdach-Monitoring mit KI | Leckagen erkennen","isPartOf":{"@id":"https:\/\/www.roofsec.com\/de\/#website"},"primaryImageOfPage":{"@id":"https:\/\/www.roofsec.com\/#primaryimage"},"image":{"@id":"https:\/\/www.roofsec.com\/#primaryimage"},"thumbnailUrl":"https:\/\/www.roofsec.com\/wp-content\/uploads\/2022\/10\/roofSec-Aufbau.png","datePublished":"2021-05-30T13:08:16+00:00","dateModified":"2026-04-15T10:01:36+00:00","description":"Vollautomatisches Flachdach-\u00dcberwachungssystem mit Sensorkabel + KI. 24\/7 Leckageerkennung f\u00fcr Gr\u00fcnd\u00e4cher, PV-D\u00e4cher und Gewerbe. Made in Austria.","breadcrumb":{"@id":"https:\/\/www.roofsec.com\/#breadcrumb"},"inLanguage":"de","potentialAction":[{"@type":"ReadAction","target":["https:\/\/www.roofsec.com\/"]}]},{"@type":"ImageObject","inLanguage":"de","@id":"https:\/\/www.roofsec.com\/#primaryimage","url":"https:\/\/www.roofsec.com\/wp-content\/uploads\/2022\/10\/roofSec-Aufbau.png","contentUrl":"https:\/\/www.roofsec.com\/wp-content\/uploads\/2022\/10\/roofSec-Aufbau.png"},{"@type":"BreadcrumbList","@id":"https:\/\/www.roofsec.com\/#breadcrumb","itemListElement":[{"@type":"ListItem","position":1,"name":"Start","item":"https:\/\/www.roofsec.com\/"},{"@type":"ListItem","position":2,"name":"Home"}]},{"@type":"WebSite","@id":"https:\/\/www.roofsec.com\/de\/#website","url":"https:\/\/www.roofsec.com\/de\/","name":"roofSec","description":"Das Flachdach der Zukunft","publisher":{"@id":"https:\/\/www.roofsec.com\/de\/#organization"},"potentialAction":[{"@type":"SearchAction","target":{"@type":"EntryPoint","urlTemplate":"https:\/\/www.roofsec.com\/de\/?s={search_term_string}"},"query-input":{"@type":"PropertyValueSpecification","valueRequired":true,"valueName":"search_term_string"}}],"inLanguage":"de"},{"@type":"Organization","@id":"https:\/\/www.roofsec.com\/de\/#organization","name":"roofSec GmbH","url":"https:\/\/www.roofsec.com\/de\/","logo":{"@type":"ImageObject","inLanguage":"de","@id":"https:\/\/www.roofsec.com\/de\/#\/schema\/logo\/image\/","url":"https:\/\/www.roofsec.com\/wp-content\/uploads\/2022\/10\/cropped-roofSec-logo.png","contentUrl":"https:\/\/www.roofsec.com\/wp-content\/uploads\/2022\/10\/cropped-roofSec-logo.png","width":600,"height":147,"caption":"roofSec GmbH"},"image":{"@id":"https:\/\/www.roofsec.com\/de\/#\/schema\/logo\/image\/"},"sameAs":["https:\/\/www.facebook.com\/Roofsec","https:\/\/www.linkedin.com\/company\/roofsec\/"]}]}},"_links":{"self":[{"href":"https:\/\/www.roofsec.com\/de\/wp-json\/wp\/v2\/pages\/816","targetHints":{"allow":["GET"]}}],"collection":[{"href":"https:\/\/www.roofsec.com\/de\/wp-json\/wp\/v2\/pages"}],"about":[{"href":"https:\/\/www.roofsec.com\/de\/wp-json\/wp\/v2\/types\/page"}],"author":[{"embeddable":true,"href":"https:\/\/www.roofsec.com\/de\/wp-json\/wp\/v2\/users\/1"}],"replies":[{"embeddable":true,"href":"https:\/\/www.roofsec.com\/de\/wp-json\/wp\/v2\/comments?post=816"}],"version-history":[{"count":65,"href":"https:\/\/www.roofsec.com\/de\/wp-json\/wp\/v2\/pages\/816\/revisions"}],"predecessor-version":[{"id":1818,"href":"https:\/\/www.roofsec.com\/de\/wp-json\/wp\/v2\/pages\/816\/revisions\/1818"}],"wp:attachment":[{"href":"https:\/\/www.roofsec.com\/de\/wp-json\/wp\/v2\/media?parent=816"}],"curies":[{"name":"wp","href":"https:\/\/api.w.org\/{rel}","templated":true}]}}